{"id":4598,"date":"2016-09-13T17:42:09","date_gmt":"2016-09-13T14:42:09","guid":{"rendered":"https:\/\/rusreinfo.ru\/fr\/?page_id=4598"},"modified":"2016-09-13T17:42:09","modified_gmt":"2016-09-13T14:42:09","slug":"nos-correspondants-erwan-castel","status":"publish","type":"page","link":"https:\/\/rusreinfo.ru\/fr\/nos-correspondants-erwan-castel\/","title":{"rendered":"Nos Correspondants: Erwan Castel"},"content":{"rendered":"<p>Erwan Castel, 53 ans est un volontaire fran\u00e7ais engag\u00e9 dans la R\u00e9publique Populaire de Donetsk pour soutenir son combat tant sur le front militaire que sur celui de la r\u00e9information notamment \u00e0 travers le blog \u00ab\u00a0Soutien \u00e0 la r\u00e9bellion du Donbass\u00a0\u00bb ouvert d\u00e9but 2014. Ancien officier de l\u2019arm\u00e9e fran\u00e7aise, Erwan est rest\u00e9 attentif \u00e0 l\u2019\u00e9volution g\u00e9opolitique de l\u2019Europe moderne, m\u00eame depuis la Guyane fran\u00e7aise o\u00f9 il exer\u00e7ait le m\u00e9tier de guide exp\u00e9dition milieu amazonien avant de rejoindre Donetsk au d\u00e9but de l\u2019ann\u00e9e 2015.<\/p>\n<p><img loading=\"lazy\" decoding=\"async\" class=\"size-full wp-image-4599 alignnone\" src=\"https:\/\/rusreinfo.ru\/fr\/wp-content\/uploads\/Erwan-Castel-.jpg\" alt=\"erwan-castel\" width=\"405\" height=\"412\" srcset=\"https:\/\/rusreinfo.ru\/fr\/wp-content\/uploads\/Erwan-Castel-.jpg 405w, https:\/\/rusreinfo.ru\/fr\/wp-content\/uploads\/Erwan-Castel--295x300.jpg 295w\" sizes=\"auto, (max-width: 405px) 100vw, 405px\" \/><\/p>\n","protected":false},"excerpt":{"rendered":"<div class=\"mh-excerpt\">Erwan Castel, 53 ans est un volontaire fran\u00e7ais engag\u00e9 dans la R\u00e9publique Populaire de Donetsk pour soutenir son combat tant sur le front militaire que sur celui de la r\u00e9information <a class=\"mh-excerpt-more\" href=\"https:\/\/rusreinfo.ru\/fr\/nos-correspondants-erwan-castel\/\" title=\"Nos Correspondants: Erwan Castel\">[Suite &#8230;]<\/a><\/div>\n","protected":false},"author":1,"featured_media":4599,"parent":0,"menu_order":0,"comment_status":"closed","ping_status":"closed","template":"","meta":{"iawp_total_views":2,"footnotes":""},"class_list":["post-4598","page","type-page","status-publish","has-post-thumbnail"],"_links":{"self":[{"href":"https:\/\/rusreinfo.ru\/fr\/wp-json\/wp\/v2\/pages\/4598","targetHints":{"allow":["GET"]}}],"collection":[{"href":"https:\/\/rusreinfo.ru\/fr\/wp-json\/wp\/v2\/pages"}],"about":[{"href":"https:\/\/rusreinfo.ru\/fr\/wp-json\/wp\/v2\/types\/page"}],"author":[{"embeddable":true,"href":"https:\/\/rusreinfo.ru\/fr\/wp-json\/wp\/v2\/users\/1"}],"replies":[{"embeddable":true,"href":"https:\/\/rusreinfo.ru\/fr\/wp-json\/wp\/v2\/comments?post=4598"}],"version-history":[{"count":0,"href":"https:\/\/rusreinfo.ru\/fr\/wp-json\/wp\/v2\/pages\/4598\/revisions"}],"wp:featuredmedia":[{"embeddable":true,"href":"https:\/\/rusreinfo.ru\/fr\/wp-json\/wp\/v2\/media\/4599"}],"wp:attachment":[{"href":"https:\/\/rusreinfo.ru\/fr\/wp-json\/wp\/v2\/media?parent=4598"}],"curies":[{"name":"wp","href":"https:\/\/api.w.org\/{rel}","templated":true}]}}