{"id":390,"date":"2015-10-21T06:36:30","date_gmt":"2015-10-21T06:36:30","guid":{"rendered":"https:\/\/jeanfouche.wordpress.com\/?page_id=390"},"modified":"2022-03-13T18:42:11","modified_gmt":"2022-03-13T15:42:11","slug":"contact","status":"publish","type":"page","link":"https:\/\/rusreinfo.ru\/fr\/contact\/","title":{"rendered":"Contact"},"content":{"rendered":"<p><strong>Contact par mail: editor@rusreinfo.ru<\/strong><\/p>\n<blockquote><p>L&rsquo;image que les media occidentaux donnent de la Russie est bien souvent n\u00e9gative. Nous vous proposons un autre regard sur la Russie d&rsquo;aujourd&rsquo;hui. Un regard depuis l&rsquo;int\u00e9rieur, loin des clich\u00e9s et pr\u00e9jug\u00e9s. Mais aussi un regard qui ne sera pas \u00ab\u00a0politiquement correct\u00a0\u00bb!<\/p>\n<p>La fr\u00e9quence de mise \u00e0 jour d\u00e9pend de l&rsquo;actualit\u00e9. Les articles sont destin\u00e9s principalement aux non-Russes et sont \u00e9crits en langue fran\u00e7aise. Une traduction approximative en ligne est propos\u00e9e par Google.<br \/>\nLes photos sont en g\u00e9n\u00e9ral des \u00ab\u00a0photos d&rsquo;illustration\u00a0\u00bb. Une photo de jet Russe par exemple dans un article sur les bombardements en Syrie ne signifie pas que CE jet Russe y participe.<\/p>\n<p>Les commentaires sont valid\u00e9s par les administrateurs; trolls et commentaires hors-sujet ne seront pas valid\u00e9s.<\/p>\n<p>Les articles sont libres de reproduction en mentionnant leur adresse d&rsquo;origine. Pour un r\u00e9f\u00e9rencement de votre site\/blog, contactez-nous.<\/p>\n<p><em>Note: Ouvert en 2014 sous forme de blog, sur WordPress.com en 2015, RusReinfo est maintenant h\u00e9berg\u00e9 sur ses propres serveurs en Russie depuis septembre 2016.<\/em><\/p><\/blockquote>\n<p><strong>Contact par mail: editor@rusreinfo.ru<\/strong><\/p>\n","protected":false},"excerpt":{"rendered":"<div class=\"mh-excerpt\">Contact par mail: editor@rusreinfo.ru L&rsquo;image que les media occidentaux donnent de la Russie est bien souvent n\u00e9gative. Nous vous proposons un autre regard sur la Russie d&rsquo;aujourd&rsquo;hui. Un regard depuis <a class=\"mh-excerpt-more\" href=\"https:\/\/rusreinfo.ru\/fr\/contact\/\" title=\"Contact\">[Suite &#8230;]<\/a><\/div>\n","protected":false},"author":1,"featured_media":6246,"parent":0,"menu_order":0,"comment_status":"closed","ping_status":"closed","template":"","meta":{"iawp_total_views":6,"footnotes":""},"class_list":["post-390","page","type-page","status-publish","has-post-thumbnail"],"_links":{"self":[{"href":"https:\/\/rusreinfo.ru\/fr\/wp-json\/wp\/v2\/pages\/390","targetHints":{"allow":["GET"]}}],"collection":[{"href":"https:\/\/rusreinfo.ru\/fr\/wp-json\/wp\/v2\/pages"}],"about":[{"href":"https:\/\/rusreinfo.ru\/fr\/wp-json\/wp\/v2\/types\/page"}],"author":[{"embeddable":true,"href":"https:\/\/rusreinfo.ru\/fr\/wp-json\/wp\/v2\/users\/1"}],"replies":[{"embeddable":true,"href":"https:\/\/rusreinfo.ru\/fr\/wp-json\/wp\/v2\/comments?post=390"}],"version-history":[{"count":0,"href":"https:\/\/rusreinfo.ru\/fr\/wp-json\/wp\/v2\/pages\/390\/revisions"}],"wp:featuredmedia":[{"embeddable":true,"href":"https:\/\/rusreinfo.ru\/fr\/wp-json\/wp\/v2\/media\/6246"}],"wp:attachment":[{"href":"https:\/\/rusreinfo.ru\/fr\/wp-json\/wp\/v2\/media?parent=390"}],"curies":[{"name":"wp","href":"https:\/\/api.w.org\/{rel}","templated":true}]}}